{"id":6906,"date":"2025-01-30T15:43:13","date_gmt":"2025-01-30T15:43:13","guid":{"rendered":"https:\/\/www.utvm.edu.mx\/?page_id=6906"},"modified":"2025-11-21T16:55:04","modified_gmt":"2025-11-21T22:55:04","slug":"ingenieria-en-tecnologias-de-la-informacion-e-innovacion-digital-desarrollo-de-software-multiplataforma","status":"publish","type":"page","link":"https:\/\/www.utvm.edu.mx\/index.php\/ingenieria-en-tecnologias-de-la-informacion-e-innovacion-digital-desarrollo-de-software-multiplataforma\/","title":{"rendered":"Ingenier\u00eda en Tecnolog\u00edas de la Informaci\u00f3n e Innovaci\u00f3n Digital"},"content":{"rendered":"","protected":false},"excerpt":{"rendered":"","protected":false},"author":1,"featured_media":0,"parent":0,"menu_order":0,"comment_status":"closed","ping_status":"closed","template":"","meta":{"footnotes":""},"class_list":["post-6906","page","type-page","status-publish","hentry"],"_links":{"self":[{"href":"https:\/\/www.utvm.edu.mx\/index.php\/wp-json\/wp\/v2\/pages\/6906","targetHints":{"allow":["GET"]}}],"collection":[{"href":"https:\/\/www.utvm.edu.mx\/index.php\/wp-json\/wp\/v2\/pages"}],"about":[{"href":"https:\/\/www.utvm.edu.mx\/index.php\/wp-json\/wp\/v2\/types\/page"}],"author":[{"embeddable":true,"href":"https:\/\/www.utvm.edu.mx\/index.php\/wp-json\/wp\/v2\/users\/1"}],"replies":[{"embeddable":true,"href":"https:\/\/www.utvm.edu.mx\/index.php\/wp-json\/wp\/v2\/comments?post=6906"}],"version-history":[{"count":6,"href":"https:\/\/www.utvm.edu.mx\/index.php\/wp-json\/wp\/v2\/pages\/6906\/revisions"}],"predecessor-version":[{"id":17303,"href":"https:\/\/www.utvm.edu.mx\/index.php\/wp-json\/wp\/v2\/pages\/6906\/revisions\/17303"}],"wp:attachment":[{"href":"https:\/\/www.utvm.edu.mx\/index.php\/wp-json\/wp\/v2\/media?parent=6906"}],"curies":[{"name":"wp","href":"https:\/\/api.w.org\/{rel}","templated":true}]}}